{"id":23,"date":"2026-01-19T14:49:12","date_gmt":"2026-01-19T13:49:12","guid":{"rendered":"https:\/\/tenuis.pl\/?page_id=23"},"modified":"2026-02-02T01:20:10","modified_gmt":"2026-02-02T00:20:10","slug":"doswiadczenie","status":"publish","type":"page","link":"https:\/\/tenuis.pl\/?page_id=23","title":{"rendered":"Do\u015bwiadczenie"},"content":{"rendered":"\t\t<div data-elementor-type=\"wp-page\" data-elementor-id=\"23\" class=\"elementor elementor-23\">\n\t\t\t\t<div class=\"elementor-element elementor-element-068bbea e-flex e-con-boxed e-con e-parent\" data-id=\"068bbea\" data-element_type=\"container\">\n\t\t\t\t\t<div class=\"e-con-inner\">\n\t\t\t\t<div class=\"elementor-element elementor-element-e02e439 elementor-widget elementor-widget-spacer\" data-id=\"e02e439\" data-element_type=\"widget\" data-widget_type=\"spacer.default\">\n\t\t\t\t\t\t\t<div class=\"elementor-spacer\">\n\t\t\t<div class=\"elementor-spacer-inner\"><\/div>\n\t\t<\/div>\n\t\t\t\t\t\t<\/div>\n\t\t\t\t<div class=\"elementor-element elementor-element-7248da5 elementor-widget elementor-widget-heading\" data-id=\"7248da5\" data-element_type=\"widget\" data-widget_type=\"heading.default\">\n\t\t\t\t\t<h1 class=\"elementor-heading-title elementor-size-default\">Wykszta\u0142cenie i kompetencje zawodowe<\/h1>\t\t\t\t<\/div>\n\t\t\t\t<div class=\"elementor-element elementor-element-67d405a elementor-widget-divider--view-line elementor-widget elementor-widget-divider\" data-id=\"67d405a\" data-element_type=\"widget\" data-widget_type=\"divider.default\">\n\t\t\t\t\t\t\t<div class=\"elementor-divider\">\n\t\t\t<span class=\"elementor-divider-separator\">\n\t\t\t\t\t\t<\/span>\n\t\t<\/div>\n\t\t\t\t\t\t<\/div>\n\t\t\t\t<div class=\"elementor-element elementor-element-3bede26 elementor-widget elementor-widget-spacer\" data-id=\"3bede26\" data-element_type=\"widget\" data-widget_type=\"spacer.default\">\n\t\t\t\t\t\t\t<div class=\"elementor-spacer\">\n\t\t\t<div class=\"elementor-spacer-inner\"><\/div>\n\t\t<\/div>\n\t\t\t\t\t\t<\/div>\n\t\t\t\t\t<\/div>\n\t\t\t\t<\/div>\n\t\t<div class=\"elementor-element elementor-element-88ed1bc e-flex e-con-boxed e-con e-parent\" data-id=\"88ed1bc\" data-element_type=\"container\" data-settings=\"{&quot;background_background&quot;:&quot;classic&quot;,&quot;shape_divider_top&quot;:&quot;opacity-fan&quot;}\">\n\t\t\t\t\t<div class=\"e-con-inner\">\n\t\t\t\t<div class=\"elementor-shape elementor-shape-top\" aria-hidden=\"true\" data-negative=\"false\">\n\t\t\t<svg xmlns=\"http:\/\/www.w3.org\/2000\/svg\" viewBox=\"0 0 283.5 19.6\" preserveAspectRatio=\"none\">\n\t<path class=\"elementor-shape-fill\" style=\"opacity:0.33\" d=\"M0 0L0 18.8 141.8 4.1 283.5 18.8 283.5 0z\"\/>\n\t<path class=\"elementor-shape-fill\" style=\"opacity:0.33\" d=\"M0 0L0 12.6 141.8 4 283.5 12.6 283.5 0z\"\/>\n\t<path class=\"elementor-shape-fill\" style=\"opacity:0.33\" d=\"M0 0L0 6.4 141.8 4 283.5 6.4 283.5 0z\"\/>\n\t<path class=\"elementor-shape-fill\" d=\"M0 0L0 1.2 141.8 4 283.5 1.2 283.5 0z\"\/>\n<\/svg>\t\t<\/div>\n\t\t<div class=\"elementor-element elementor-element-fc58a75 e-con-full e-flex e-con e-child\" data-id=\"fc58a75\" data-element_type=\"container\">\n\t\t\t\t<div class=\"elementor-element elementor-element-0f9de59 elementor-widget elementor-widget-spacer\" data-id=\"0f9de59\" data-element_type=\"widget\" data-widget_type=\"spacer.default\">\n\t\t\t\t\t\t\t<div class=\"elementor-spacer\">\n\t\t\t<div class=\"elementor-spacer-inner\"><\/div>\n\t\t<\/div>\n\t\t\t\t\t\t<\/div>\n\t\t\t\t<div class=\"elementor-element elementor-element-a378f99 elementor-widget elementor-widget-text-editor\" data-id=\"a378f99\" data-element_type=\"widget\" data-widget_type=\"text-editor.default\">\n\t\t\t\t\t\t\t\t\t<p data-path-to-node=\"8,2,1,0\">Nazywam si\u0119 <strong>Teresa Fac<\/strong>. W mojej pracy \u0142\u0105cz\u0119 wiedz\u0119 psychologiczn\u0105 z <strong>wieloletnim do\u015bwiadczeniem<\/strong> w terapii uzale\u017cnie\u0144 i pracy z traum\u0105.<\/p>\n<p data-path-to-node=\"8,2,1,1\"><span data-path-to-node=\"8,2,1,1,1\"><span class=\"citation-510\">Fundamentem mojej praktyki jest <strong>rzetelne wykszta\u0142cenie<\/strong> oraz ci\u0105g\u0142y rozw\u00f3j. Ka\u017cdego pacjenta traktuj\u0119 indywidualnie, dobieraj\u0105c metody pracy<strong> (TSR, EMDR, Dialog Motywuj\u0105cy)<\/strong> do jego unikalnej historii.<\/span><\/span><\/p>\t\t\t\t\t\t\t\t<\/div>\n\t\t\t\t<\/div>\n\t\t<div class=\"elementor-element elementor-element-4f53163 e-con-full e-flex e-con e-child\" data-id=\"4f53163\" data-element_type=\"container\">\n\t\t\t\t<div class=\"elementor-element elementor-element-4ef376f elementor-widget elementor-widget-image\" data-id=\"4ef376f\" data-element_type=\"widget\" data-widget_type=\"image.default\">\n\t\t\t\t\t\t\t\t\t\t\t\t\t\t\t<img fetchpriority=\"high\" decoding=\"async\" width=\"200\" height=\"300\" src=\"https:\/\/tenuis.pl\/wp-content\/uploads\/2026\/01\/PSS-6-1-1-200x300.jpg\" class=\"attachment-medium size-medium wp-image-56\" alt=\"\" srcset=\"https:\/\/tenuis.pl\/wp-content\/uploads\/2026\/01\/PSS-6-1-1-200x300.jpg 200w, https:\/\/tenuis.pl\/wp-content\/uploads\/2026\/01\/PSS-6-1-1-683x1024.jpg 683w, https:\/\/tenuis.pl\/wp-content\/uploads\/2026\/01\/PSS-6-1-1-768x1152.jpg 768w, https:\/\/tenuis.pl\/wp-content\/uploads\/2026\/01\/PSS-6-1-1-1024x1536.jpg 1024w, https:\/\/tenuis.pl\/wp-content\/uploads\/2026\/01\/PSS-6-1-1-1365x2048.jpg 1365w, https:\/\/tenuis.pl\/wp-content\/uploads\/2026\/01\/PSS-6-1-1-600x900.jpg 600w, https:\/\/tenuis.pl\/wp-content\/uploads\/2026\/01\/PSS-6-1-1-scaled.jpg 1707w\" sizes=\"(max-width: 200px) 100vw, 200px\" \/>\t\t\t\t\t\t\t\t\t\t\t\t\t\t\t<\/div>\n\t\t\t\t<\/div>\n\t\t\t\t\t<\/div>\n\t\t\t\t<\/div>\n\t\t<div class=\"elementor-element elementor-element-7725204 e-flex e-con-boxed e-con e-parent\" data-id=\"7725204\" data-element_type=\"container\">\n\t\t\t\t\t<div class=\"e-con-inner\">\n\t\t\t\t<div class=\"elementor-element elementor-element-69f67a0 elementor-widget elementor-widget-spacer\" data-id=\"69f67a0\" data-element_type=\"widget\" data-widget_type=\"spacer.default\">\n\t\t\t\t\t\t\t<div class=\"elementor-spacer\">\n\t\t\t<div class=\"elementor-spacer-inner\"><\/div>\n\t\t<\/div>\n\t\t\t\t\t\t<\/div>\n\t\t\t\t<div class=\"elementor-element elementor-element-4fc14a3 elementor-widget-divider--view-line elementor-widget elementor-widget-divider\" data-id=\"4fc14a3\" data-element_type=\"widget\" data-widget_type=\"divider.default\">\n\t\t\t\t\t\t\t<div class=\"elementor-divider\">\n\t\t\t<span class=\"elementor-divider-separator\">\n\t\t\t\t\t\t<\/span>\n\t\t<\/div>\n\t\t\t\t\t\t<\/div>\n\t\t\t\t\t<\/div>\n\t\t\t\t<\/div>\n\t\t<div class=\"elementor-element elementor-element-bdfb414 e-flex e-con-boxed e-con e-parent\" data-id=\"bdfb414\" data-element_type=\"container\">\n\t\t\t\t\t<div class=\"e-con-inner\">\n\t\t\t\t<div class=\"elementor-element elementor-element-ef73897 elementor-widget elementor-widget-heading\" data-id=\"ef73897\" data-element_type=\"widget\" data-widget_type=\"heading.default\">\n\t\t\t\t\t<h2 class=\"elementor-heading-title elementor-size-default\">Kluczowe Uprawnienia i Certyfikaty<\/h2>\t\t\t\t<\/div>\n\t\t\t\t\t<\/div>\n\t\t\t\t<\/div>\n\t\t<div class=\"elementor-element elementor-element-6db0133 e-flex e-con-boxed e-con e-parent\" data-id=\"6db0133\" data-element_type=\"container\">\n\t\t\t\t\t<div class=\"e-con-inner\">\n\t\t\t\t<div class=\"elementor-element elementor-element-53e2af5 elementor-widget elementor-widget-html\" data-id=\"53e2af5\" data-element_type=\"widget\" data-widget_type=\"html.default\">\n\t\t\t\t\t<style>\r\n    \/* G\u0141\u00d3WNY KONTENER *\/\r\n    .tenuis-certs-section {\r\n        max-width: 1000px;\r\n        margin: 60px auto;\r\n        padding: 0 20px;\r\n        font-family: 'Roboto', sans-serif;\r\n    }\r\n\r\n    \/* NAG\u0141\u00d3WEK SEKCJI *\/\r\n    .tenuis-certs-title {\r\n        text-align: center;\r\n        font-size: 28px;\r\n        color: #333;\r\n        font-weight: 700;\r\n        margin-bottom: 50px;\r\n        position: relative;\r\n    }\r\n\r\n    .tenuis-certs-title::after {\r\n        content: '';\r\n        display: block;\r\n        width: 60px;\r\n        height: 3px;\r\n        background-color: #FAB443; \/* Z\u0142oty akcent *\/\r\n        margin: 15px auto 0;\r\n        border-radius: 2px;\r\n    }\r\n\r\n    \/* SIATKA KART (GRID) *\/\r\n    .tenuis-certs-grid {\r\n        display: grid;\r\n        grid-template-columns: repeat(auto-fit, minmax(280px, 1fr)); \/* Automatyczne dopasowanie *\/\r\n        gap: 30px;\r\n    }\r\n\r\n    \/* POJEDYNCZA KARTA *\/\r\n    .tenuis-cert-card {\r\n        background-color: #fff;\r\n        border: 1px solid #eee;\r\n        border-radius: 12px;\r\n        padding: 30px 25px;\r\n        text-align: center;\r\n        position: relative;\r\n        box-shadow: 0 5px 15px rgba(0,0,0,0.04);\r\n        transition: transform 0.3s, box-shadow 0.3s;\r\n        overflow: hidden; \/* \u017beby ozdobne elementy nie wystawa\u0142y *\/\r\n    }\r\n\r\n    .tenuis-cert-card:hover {\r\n        transform: translateY(-7px);\r\n        box-shadow: 0 15px 30px rgba(0,0,0,0.08);\r\n        border-color: #FAB443;\r\n    }\r\n\r\n    \/* ODZNAKA Z ROKIEM (Badge) *\/\r\n    .cert-year-badge {\r\n        display: inline-block;\r\n        background-color: #FAB443;\r\n        color: #fff;\r\n        font-size: 12px;\r\n        font-weight: 700;\r\n        padding: 4px 12px;\r\n        border-radius: 20px;\r\n        margin-bottom: 15px;\r\n        box-shadow: 0 2px 5px rgba(250, 180, 67, 0.4);\r\n    }\r\n\r\n    \/* IKONA (Dla lekko\u015bci u\u017cywam emoji\/tekstu, \u017ceby nie spowalnia\u0107 strony obrazkami) *\/\r\n    .cert-icon {\r\n        font-size: 36px;\r\n        margin-bottom: 15px;\r\n        display: block;\r\n    }\r\n\r\n    \/* TYTU\u0141 CERTYFIKATU *\/\r\n    .cert-name {\r\n        font-size: 18px;\r\n        font-weight: 700;\r\n        color: #333;\r\n        margin-bottom: 12px;\r\n        line-height: 1.4;\r\n    }\r\n\r\n    \/* OPIS *\/\r\n    .cert-desc {\r\n        font-size: 14px;\r\n        color: #666;\r\n        line-height: 1.6;\r\n    }\r\n\r\n    \/* POGRUBIENIA W OPISIE *\/\r\n    .cert-desc strong {\r\n        color: #444;\r\n    }\r\n\r\n    \/* OZDOBNY PASEK NA DOLE KARTY *\/\r\n    .tenuis-cert-card::bottom {\r\n        content: '';\r\n        position: absolute;\r\n        bottom: 0;\r\n        left: 0;\r\n        width: 100%;\r\n        height: 4px;\r\n        background: #f9f9f9;\r\n        transition: background 0.3s;\r\n    }\r\n    .tenuis-cert-card:hover::bottom {\r\n        background: #FAB443;\r\n    }\r\n\r\n<\/style>\r\n\r\n<div class=\"tenuis-certs-section\">\r\n\r\n    <div class=\"tenuis-certs-grid\">\r\n\r\n        <div class=\"tenuis-cert-card\">\r\n            <span class=\"cert-year-badge\">ROK 2012<\/span>\r\n            <span class=\"cert-icon\">\ud83c\udf93<\/span>\r\n            <h3 class=\"cert-name\">Specjalista Psychoterapii Uzale\u017cnie\u0144<\/h3>\r\n            <p class=\"cert-desc\">\r\n                Certyfikat nadany przez <strong>Krajowe Biuro ds. Przeciwdzia\u0142ania Narkomanii (KBPN)<\/strong>. \r\n                Potwierdzenie wieloletniego do\u015bwiadczenia klinicznego.\r\n            <\/p>\r\n        <\/div>\r\n\r\n        <div class=\"tenuis-cert-card\">\r\n            <span class=\"cert-year-badge\">ROK 2023<\/span>\r\n            <span class=\"cert-icon\">\ud83e\udde0<\/span>\r\n            <h3 class=\"cert-name\">Certyfikowany Terapeuta EMDR<\/h3>\r\n            <p class=\"cert-desc\">\r\n                Uko\u0144czone szkolenie rekomendowane przez <strong>WHO<\/strong>. \r\n                Skuteczna i udowodniona naukowo metoda pracy z <strong>traum\u0105 i PTSD<\/strong>.\r\n            <\/p>\r\n        <\/div>\r\n\r\n        <div class=\"tenuis-cert-card\">\r\n            <span class=\"cert-year-badge\">ROK 2022<\/span>\r\n            <span class=\"cert-icon\">\ud83d\udc68\u200d\ud83d\udc69\u200d\ud83d\udc67\u200d\ud83d\udc66<\/span>\r\n            <h3 class=\"cert-name\">Edukator Pozytywnej Dyscypliny<\/h3>\r\n            <p class=\"cert-desc\">\r\n                Uprawnienia zdobyte w <strong>Warszawie<\/strong>. \r\n                Specjalistyczne wsparcie dla rodzic\u00f3w w budowaniu relacji i procesie wychowawczym.\r\n            <\/p>\r\n        <\/div>\r\n\r\n    <\/div>\r\n<\/div>\t\t\t\t<\/div>\n\t\t\t\t<div class=\"elementor-element elementor-element-c631187 elementor-widget-divider--view-line elementor-widget elementor-widget-divider\" data-id=\"c631187\" data-element_type=\"widget\" data-widget_type=\"divider.default\">\n\t\t\t\t\t\t\t<div class=\"elementor-divider\">\n\t\t\t<span class=\"elementor-divider-separator\">\n\t\t\t\t\t\t<\/span>\n\t\t<\/div>\n\t\t\t\t\t\t<\/div>\n\t\t\t\t<div class=\"elementor-element elementor-element-ba00369 elementor-widget elementor-widget-heading\" data-id=\"ba00369\" data-element_type=\"widget\" data-widget_type=\"heading.default\">\n\t\t\t\t\t<h3 class=\"elementor-heading-title elementor-size-default\">Wykszta\u0142cenie Akademickie<\/h3>\t\t\t\t<\/div>\n\t\t\t\t<div class=\"elementor-element elementor-element-6315ab7 elementor-widget elementor-widget-html\" data-id=\"6315ab7\" data-element_type=\"widget\" data-widget_type=\"html.default\">\n\t\t\t\t\t<style>\r\n    \/* KONTENER G\u0141\u00d3WNY *\/\r\n    .tenuis-edu-wrapper {\r\n        display: flex;\r\n        flex-wrap: wrap;\r\n        gap: 40px;\r\n        max-width: 1100px;\r\n        margin: 30px auto;\r\n        font-family: 'Roboto', sans-serif;\r\n        padding: 0 20px;\r\n    }\r\n\r\n    \/* KOLUMNA LEWA (60%) *\/\r\n    .tenuis-edu-col {\r\n        flex: 2 1 450px;\r\n    }\r\n\r\n    \/* KOLUMNA PRAWA (40%) *\/\r\n    .tenuis-trust-col {\r\n        flex: 1 1 300px;\r\n    }\r\n\r\n    \/* --- STYL OSI CZASU --- *\/\r\n    .edu-timeline {\r\n        position: relative;\r\n        padding-left: 30px;\r\n        border-left: 3px solid #f0f0f0;\r\n        margin-left: 10px;\r\n    }\r\n\r\n    .edu-item {\r\n        position: relative;\r\n        margin-bottom: 30px;\r\n    }\r\n\r\n    .edu-item:last-child {\r\n        margin-bottom: 0;\r\n    }\r\n\r\n    \/* KROPKA *\/\r\n    .edu-dot {\r\n        position: absolute;\r\n        left: -38px;\r\n        top: 4px;\r\n        width: 16px;\r\n        height: 16px;\r\n        background-color: #fff;\r\n        border: 3px solid #FAB443;\r\n        border-radius: 50%;\r\n        transition: background-color 0.3s;\r\n    }\r\n\r\n    .edu-item:hover .edu-dot {\r\n        background-color: #FAB443;\r\n    }\r\n\r\n    \/* TEKST EDUKACJI - ROZMIAR 18px *\/\r\n    .edu-school {\r\n        font-size: 18px; \/* ZMIANA NA 18px *\/\r\n        font-weight: 700;\r\n        color: #333;\r\n        margin: 0 0 5px 0;\r\n        line-height: 1.4;\r\n    }\r\n\r\n    .edu-degree {\r\n        font-size: 14px; \/* ZMIANA NA 14px *\/\r\n        color: #666;\r\n        font-style: italic;\r\n        margin: 0 0 10px 0;\r\n    }\r\n\r\n    .edu-details {\r\n        font-size: 14px; \/* ZMIANA NA 14px *\/\r\n        color: #444;\r\n        line-height: 1.6;\r\n        background: #fdfdfd;\r\n        padding: 12px;\r\n        border-radius: 8px;\r\n        border: 1px solid #eee;\r\n    }\r\n\r\n    \/* --- STYL KARTY ZAUFANIA --- *\/\r\n    .trust-card {\r\n        background-color: #F5EDE0;\r\n        padding: 30px;\r\n        border-radius: 12px;\r\n        text-align: center;\r\n        border: 1px solid #e0dcd0;\r\n        height: 100%;\r\n        box-sizing: border-box;\r\n        display: flex;\r\n        flex-direction: column;\r\n        justify-content: center;\r\n        transition: transform 0.3s;\r\n    }\r\n\r\n    .trust-card:hover {\r\n        transform: translateY(-5px);\r\n        box-shadow: 0 10px 20px rgba(0,0,0,0.05);\r\n    }\r\n\r\n    .trust-icon {\r\n        font-size: 42px;\r\n        margin-bottom: 15px;\r\n        display: block;\r\n    }\r\n\r\n    .trust-title {\r\n        font-size: 18px; \/* ZMIANA NA 18px *\/\r\n        font-weight: 700;\r\n        color: #333;\r\n        margin-bottom: 15px;\r\n        line-height: 1.3;\r\n    }\r\n\r\n    .trust-desc {\r\n        font-size: 14px; \/* ZMIANA NA 14px *\/\r\n        color: #444;\r\n        line-height: 1.6;\r\n    }\r\n\r\n    .trust-highlight {\r\n        color: #d39e00;\r\n        font-weight: 700;\r\n    }\r\n\r\n<\/style>\r\n\r\n<div class=\"tenuis-edu-wrapper\">\r\n\r\n    <div class=\"tenuis-edu-col\">\r\n        <div class=\"edu-timeline\">\r\n            \r\n            <div class=\"edu-item\">\r\n                <div class=\"edu-dot\"><\/div>\r\n                <h3 class=\"edu-school\">Akademia Pedagogiki Specjalnej w Warszawie<\/h3>\r\n                <p class=\"edu-degree\">Studia magisterskie<\/p>\r\n                <div class=\"edu-details\">\r\n                    Specjalizacja: <strong>Pedagogika<\/strong>. Solidne fundamenty pracy z drugim cz\u0142owiekiem.\r\n                <\/div>\r\n            <\/div>\r\n\r\n            <div class=\"edu-item\">\r\n                <div class=\"edu-dot\"><\/div>\r\n                <h3 class=\"edu-school\">Uczelnia Nauk Stosowanych i Biznesu w Lublinie<\/h3>\r\n                <p class=\"edu-degree\">Studia magisterskie<\/p>\r\n                <div class=\"edu-details\">\r\n                    Kierunek: <strong>Psychologia<\/strong>. Rozszerzenie kompetencji diagnostycznych i terapeutycznych.\r\n                <\/div>\r\n            <\/div>\r\n\r\n            <div class=\"edu-item\">\r\n                <div class=\"edu-dot\"><\/div>\r\n                <h3 class=\"edu-school\">Sta\u0142y rozw\u00f3j i szkolenia specjalistyczne<\/h3>\r\n                <p class=\"edu-degree\">Kursy doskonal\u0105ce<\/p>\r\n                <div class=\"edu-details\">\r\n                    Ci\u0105g\u0142e podnoszenie kwalifikacji, m.in.:\r\n                    <ul style=\"margin: 5px 0 0 0; padding-left: 20px; font-size: 14px;\">\r\n                        <li style=\"margin-bottom: 3px;\"><strong>Trening Zast\u0119powania Agresji (TZA)<\/strong><\/li>\r\n                        <li><strong>Racjonalna Terapia Zachowania (RTZ)<\/strong><\/li>\r\n                    <\/ul>\r\n                <\/div>\r\n            <\/div>\r\n\r\n        <\/div>\r\n    <\/div>\r\n\r\n    <div class=\"tenuis-trust-col\">\r\n        <div class=\"trust-card\">\r\n            <span class=\"trust-icon\">\ud83d\udee1\ufe0f<\/span>\r\n            <h3 class=\"trust-title\">\r\n                Bezpiecze\u0144stwo i Etyka<br>\r\n                <span style=\"font-size: 14px; font-weight: 400; color: #666;\">Cz\u0142onek PTT EMDR<\/span>\r\n            <\/h3>\r\n            <p class=\"trust-desc\">\r\n                Jako cz\u0142onek <strong>Polskiego Towarzystwa Terapeut\u00f3w EMDR<\/strong> dbam o najwy\u017csze standardy etyczne.\r\n                <br><br>\r\n                Moja praca podlega <span class=\"trust-highlight\">regularnej superwizji<\/span>, co gwarantuje Ci profesjonalizm i pe\u0142ne bezpiecze\u0144stwo procesu terapeutycznego.\r\n            <\/p>\r\n        <\/div>\r\n    <\/div>\r\n\r\n<\/div>\t\t\t\t<\/div>\n\t\t\t\t\t<\/div>\n\t\t\t\t<\/div>\n\t\t\t\t<\/div>\n\t\t","protected":false},"excerpt":{"rendered":"<p>Wykszta\u0142cenie i kompetencje zawodowe Nazywam si\u0119 Teresa Fac. W mojej pracy \u0142\u0105cz\u0119 wiedz\u0119 psychologiczn\u0105 z wieloletnim do\u015bwiadczeniem w terapii uzale\u017cnie\u0144 i pracy z traum\u0105. Fundamentem mojej praktyki jest rzetelne wykszta\u0142cenie oraz ci\u0105g\u0142y rozw\u00f3j. Ka\u017cdego pacjenta traktuj\u0119 indywidualnie, dobieraj\u0105c metody pracy (TSR, EMDR, Dialog Motywuj\u0105cy) do jego unikalnej historii. Kluczowe Uprawnienia i Certyfikaty ROK 2012 \ud83c\udf93&hellip;&nbsp;<a href=\"https:\/\/tenuis.pl\/?page_id=23\" rel=\"bookmark\"><span class=\"screen-reader-text\">Do\u015bwiadczenie<\/span><\/a><\/p>\n","protected":false},"author":1,"featured_media":0,"parent":0,"menu_order":0,"comment_status":"closed","ping_status":"closed","template":"","meta":{"neve_meta_sidebar":"","neve_meta_container":"","neve_meta_enable_content_width":"","neve_meta_content_width":0,"neve_meta_title_alignment":"","neve_meta_author_avatar":"","neve_post_elements_order":"","neve_meta_disable_header":"","neve_meta_disable_footer":"","neve_meta_disable_title":"","footnotes":""},"class_list":["post-23","page","type-page","status-publish","hentry"],"aioseo_notices":[],"_links":{"self":[{"href":"https:\/\/tenuis.pl\/index.php?rest_route=\/wp\/v2\/pages\/23","targetHints":{"allow":["GET"]}}],"collection":[{"href":"https:\/\/tenuis.pl\/index.php?rest_route=\/wp\/v2\/pages"}],"about":[{"href":"https:\/\/tenuis.pl\/index.php?rest_route=\/wp\/v2\/types\/page"}],"author":[{"embeddable":true,"href":"https:\/\/tenuis.pl\/index.php?rest_route=\/wp\/v2\/users\/1"}],"replies":[{"embeddable":true,"href":"https:\/\/tenuis.pl\/index.php?rest_route=%2Fwp%2Fv2%2Fcomments&post=23"}],"version-history":[{"count":10,"href":"https:\/\/tenuis.pl\/index.php?rest_route=\/wp\/v2\/pages\/23\/revisions"}],"predecessor-version":[{"id":158,"href":"https:\/\/tenuis.pl\/index.php?rest_route=\/wp\/v2\/pages\/23\/revisions\/158"}],"wp:attachment":[{"href":"https:\/\/tenuis.pl\/index.php?rest_route=%2Fwp%2Fv2%2Fmedia&parent=23"}],"curies":[{"name":"wp","href":"https:\/\/api.w.org\/{rel}","templated":true}]}}